{"id":1942,"date":"2025-10-23T01:50:47","date_gmt":"2025-10-23T01:50:47","guid":{"rendered":"https:\/\/mellea.bravisthemes.com\/?page_id=1942"},"modified":"2026-02-09T08:50:47","modified_gmt":"2026-02-09T08:50:47","slug":"iletisim","status":"publish","type":"page","link":"https:\/\/www.drahmethakankara.com\/en\/iletisim\/","title":{"rendered":"Contact"},"content":{"rendered":"<div data-elementor-type=\"wp-page\" data-elementor-id=\"1942\" class=\"elementor elementor-1942\">\n\t\t\t\t<div class=\"elementor-element elementor-element-d397e58 e-flex e-con-boxed pxl-column-none e-con e-parent\" data-id=\"d397e58\" data-element_type=\"container\" data-e-type=\"container\" data-settings=\"{&quot;background_background&quot;:&quot;classic&quot;}\">\t\t\t<div class=\"e-con-inner\">\r\n\t\t<div class=\"elementor-element elementor-element-dd346ec e-con-full elementor-hidden-mobile e-flex pxl-column-none e-con e-child\" data-id=\"dd346ec\" data-element_type=\"container\" data-e-type=\"container\">\t\t<div class=\"elementor-element elementor-element-04d4e01 elementor-hidden-mobile_extra elementor-hidden-mobile elementor-widget elementor-widget-pxl_heading\" data-id=\"04d4e01\" data-element_type=\"widget\" data-e-type=\"widget\" data-widget_type=\"pxl_heading.default\">\n\t\t\t\t<div class=\"elementor-widget-container\">\n\t\t\t\t\t\n<div id=\"pxl-pxl_heading-04d4e01-7523\" class=\"pxl-heading px-sub-title-default-style\">\n\t<div class=\"pxl-heading--inner\">\n\t\t\n\t\t<h3 class=\"pxl-item--title style-default  highlight-default wow PXLfadeInUp\" data-wow-delay=\"0ms\">\n\t\t\t\t\t\t\tOp. Dr. Ahmet Hakan Kara\t\n\t\t\t\t\n\t\t<\/h3>\n\t\t\n\t<\/div>\n<\/div>\t\t\t\t<\/div>\n\t\t\t\t<\/div>\n\t\t\t\t<\/div>\r\n\t\t<div class=\"elementor-element elementor-element-320669d e-con-full e-flex pxl-column-none e-con e-child\" data-id=\"320669d\" data-element_type=\"container\" data-e-type=\"container\">\t\t<div class=\"elementor-element elementor-element-c5ae51e elementor-widget__width-initial elementor-absolute elementor-widget elementor-widget-pxl_contact_form\" data-id=\"c5ae51e\" data-element_type=\"widget\" data-e-type=\"widget\" data-settings=\"{&quot;_position&quot;:&quot;absolute&quot;}\" data-widget_type=\"pxl_contact_form.default\">\n\t\t\t\t<div class=\"elementor-widget-container\">\n\t\t\t\t\t    <div class=\"pxl-contact-form pxl-contact-form1 btn-w-auto\" data-wow-delay=\"ms\">\r\n        \n<div class=\"wpcf7 no-js\" id=\"wpcf7-f6-o1\" lang=\"en-US\" dir=\"ltr\" data-wpcf7-id=\"6\">\n<div class=\"screen-reader-response\"><p role=\"status\" aria-live=\"polite\" aria-atomic=\"true\"><\/p> <ul><\/ul><\/div>\n<form action=\"\/wp-json\/wp\/v2\/pages\/1942\" method=\"post\" class=\"wpcf7-form init\" aria-label=\"Contact form\" novalidate=\"novalidate\" data-status=\"init\" data-trp-original-action=\"\/en\/wp-json\/wp\/v2\/pages\/1942#wpcf7-f6-o1\">\n<fieldset class=\"hidden-fields-container\"><input type=\"hidden\" name=\"_wpcf7\" value=\"6\" \/><input type=\"hidden\" name=\"_wpcf7_version\" value=\"6.1.5\" \/><input type=\"hidden\" name=\"_wpcf7_locale\" value=\"en_US\" \/><input type=\"hidden\" name=\"_wpcf7_unit_tag\" value=\"wpcf7-f6-o1\" \/><input type=\"hidden\" name=\"_wpcf7_container_post\" value=\"0\" \/><input type=\"hidden\" name=\"_wpcf7_posted_data_hash\" value=\"\" \/>\n<\/fieldset>\n<div class=\"contact-form-team\">\n\t<p><span class=\"sub\">Appointment<\/span>\n\t<\/p>\n\t<h4>Contact Us\n\t<\/h4>\n\t<p><span class=\"wpcf7-form-control-wrap\" data-name=\"full-name\"><input size=\"40\" maxlength=\"400\" class=\"wpcf7-form-control wpcf7-text wpcf7-validates-as-required\" aria-required=\"true\" aria-invalid=\"false\" placeholder=\"First Name Last Name\" value=\"\" type=\"text\" name=\"full-name\" \/><\/span>\n\t<\/p>\n\t<p><span class=\"wpcf7-form-control-wrap\" data-name=\"phone\"><input size=\"40\" maxlength=\"400\" class=\"wpcf7-form-control wpcf7-tel wpcf7-validates-as-required wpcf7-text wpcf7-validates-as-tel\" aria-required=\"true\" aria-invalid=\"false\" placeholder=\"Phone Number\" value=\"\" type=\"tel\" name=\"phone\" \/><\/span>\n\t<\/p>\n\t<p><span class=\"wpcf7-form-control-wrap\" data-name=\"your-email\"><input size=\"40\" maxlength=\"400\" class=\"wpcf7-form-control wpcf7-email wpcf7-validates-as-required wpcf7-text wpcf7-validates-as-email\" aria-required=\"true\" aria-invalid=\"false\" placeholder=\"Email Address\" value=\"\" type=\"email\" name=\"your-email\" \/><\/span>\n\t<\/p>\n\t<p><span class=\"wpcf7-form-control-wrap\" data-name=\"service\"><select class=\"wpcf7-form-control wpcf7-select wpcf7-validates-as-required\" aria-required=\"true\" aria-invalid=\"false\" name=\"service\"><option value=\"Hizmet Se\u00e7iniz\">Select a Service<\/option><option value=\"Diz Protezi Cerrahisi\">Knee Replacement Surgery<\/option><option value=\"Kal\u00e7a Protezi Cerrahisi\">Hip Replacement Surgery<\/option><option value=\"Eklem Bak\u0131m\u0131 ve Tedavileri\">Joint Care and Treatments<\/option><option value=\"Spor Yaralanmalar\u0131\">Sports Injuries<\/option><\/select><\/span>\n\t<\/p>\n\t<p><span class=\"wpcf7-form-control-wrap\" data-name=\"appointment-date\"><input class=\"wpcf7-form-control wpcf7-date wpcf7-validates-as-date\" aria-invalid=\"false\" placeholder=\"Appointment Date\" value=\"\" type=\"date\" name=\"appointment-date\" \/><\/span>\n\t<\/p>\n\t<p><button class=\"button btn gradient-wipe\" type=\"submit\">Schedule an Appointment<\/button>\n\t<\/p>\n<\/div><div class=\"wpcf7-response-output\" aria-hidden=\"true\"><\/div>\n<input type=\"hidden\" name=\"trp-form-language\" value=\"en\"\/><\/form>\n<\/div>\n    <\/div>\r\n\t\t\t\t<\/div>\n\t\t\t\t<\/div>\n\t\t\t\t<\/div>\r\n\t\t\t\t\t<\/div>\r\n\t\t\t\t<\/div>\r\n\t\t<div class=\"elementor-element elementor-element-2352b26 e-con-full e-flex pxl-column-none e-con e-parent\" data-id=\"2352b26\" data-element_type=\"container\" data-e-type=\"container\" data-settings=\"{&quot;background_background&quot;:&quot;classic&quot;}\"><div class=\"elementor-element elementor-element-f591c60 e-con-full e-flex pxl-column-none e-con e-child\" data-id=\"f591c60\" data-element_type=\"container\" data-e-type=\"container\">\t\t<div class=\"elementor-element elementor-element-2326f54 elementor-widget__width-initial elementor-widget elementor-widget-pxl_heading\" data-id=\"2326f54\" data-element_type=\"widget\" data-e-type=\"widget\" data-widget_type=\"pxl_heading.default\">\n\t\t\t\t<div class=\"elementor-widget-container\">\n\t\t\t\t\t\n<div id=\"pxl-pxl_heading-2326f54-7446\" class=\"pxl-heading px-sub-title-default-style\">\n\t<div class=\"pxl-heading--inner\">\n\t\t\n\t\t<h3 class=\"pxl-item--title style-default  highlight-text-gradient wow PXLfadeInUp\" data-wow-delay=\"ms\">\n\t\t\t\t\t\t\tSorular\u0131n\u0131z i\u00e7in bize ula\u015f\u0131n\t\n\t\t\t\t\n\t\t<\/h3>\n\t\t\n\t<\/div>\n<\/div>\t\t\t\t<\/div>\n\t\t\t\t<\/div>\n\t\t\t\t<div class=\"elementor-element elementor-element-766af2e elementor-list-item-link-full_width elementor-widget elementor-widget-icon-list\" data-id=\"766af2e\" data-element_type=\"widget\" data-e-type=\"widget\" data-widget_type=\"icon-list.default\">\n\t\t\t\t\t\t\t<ul class=\"elementor-icon-list-items\">\n\t\t\t\t\t\t\t<li class=\"elementor-icon-list-item\">\n\t\t\t\t\t\t\t\t\t\t\t<a href=\"tel: 905337316552\">\n\n\t\t\t\t\t\t\t\t\t\t\t\t<span class=\"elementor-icon-list-icon\">\n\t\t\t\t\t\t\t<i aria-hidden=\"true\" class=\"fal fa-phone-rotary\"><\/i>\t\t\t\t\t\t<\/span>\n\t\t\t\t\t\t\t\t\t\t<span class=\"elementor-icon-list-text\">+90 533 731 65 52<\/span>\n\t\t\t\t\t\t\t\t\t\t\t<\/a>\n\t\t\t\t\t\t\t\t\t<\/li>\n\t\t\t\t\t\t\t\t<li class=\"elementor-icon-list-item\">\n\t\t\t\t\t\t\t\t\t\t\t<a href=\"mailto:info@drahmethakankara.com\">\n\n\t\t\t\t\t\t\t\t\t\t\t\t<span class=\"elementor-icon-list-icon\">\n\t\t\t\t\t\t\t<i aria-hidden=\"true\" class=\"bootstrap-icons bi-envelope-fill\"><\/i>\t\t\t\t\t\t<\/span>\n\t\t\t\t\t\t\t\t\t\t<span class=\"elementor-icon-list-text\">info@drahmethakankara.com<\/span>\n\t\t\t\t\t\t\t\t\t\t\t<\/a>\n\t\t\t\t\t\t\t\t\t<\/li>\n\t\t\t\t\t\t\t\t<li class=\"elementor-icon-list-item\">\n\t\t\t\t\t\t\t\t\t\t\t<a href=\"https:\/\/www.google.com\/maps\/search\/?api=1&#038;query=H.Edip+Ad\u0131var+Mahallesi+Dar\u00fclaceze+Caddesi+No+3+\u015ei\u015fli+\u0130stanbul\" target=\"_blank\" rel=\"noopener\">\n\n\t\t\t\t\t\t\t\t\t\t\t\t<span class=\"elementor-icon-list-icon\">\n\t\t\t\t\t\t\t<i aria-hidden=\"true\" class=\"fal fa-map-marker-alt\"><\/i>\t\t\t\t\t\t<\/span>\n\t\t\t\t\t\t\t\t\t\t<span class=\"elementor-icon-list-text\">H.Edip Ad\u0131var Mah. Dar\u00fclaceze Cad. No: 3, Kat: 1 34382 \u015ei\u015fli, \u0130stanbul, T\u00fcrkiye<\/span>\n\t\t\t\t\t\t\t\t\t\t\t<\/a>\n\t\t\t\t\t\t\t\t\t<\/li>\n\t\t\t\t\t\t<\/ul>\n\t\t\t\t\t\t<\/div>\n\t\t\t\t<\/div>\r\n\t\t\t\t<div class=\"elementor-element elementor-element-d27cee4 elementor-hidden-mobile elementor-widget elementor-widget-pxl_image_parallax\" data-id=\"d27cee4\" data-element_type=\"widget\" data-e-type=\"widget\" data-widget_type=\"pxl_image_parallax.default\">\n\t\t\t\t<div class=\"elementor-widget-container\">\n\t\t\t\t\t\r\n<div class=\"pxl-image-prl\">\r\n    <div id=\"pxl_image_parallax-d27cee4-8601\" class=\"pxl-image-parallax\" data-parallax=\"{&quot;x&quot;:&quot;-100&quot;}\">\r\n                    <h3 class=\"pxl-parallax-title\">\r\n                Appointment            <\/h3>\r\n        \r\n            <\/div>\r\n<\/div>\r\n\t\t\t\t<\/div>\n\t\t\t\t<\/div>\n\t\t\t\t<\/div>\r\n\t\t<div class=\"elementor-element elementor-element-0d01f08 e-con-full e-flex pxl-column-none e-con e-parent\" data-id=\"0d01f08\" data-element_type=\"container\" data-e-type=\"container\">\t\t<div class=\"elementor-element elementor-element-98ceed5 elementor-widget elementor-widget-google_maps\" data-id=\"98ceed5\" data-element_type=\"widget\" data-e-type=\"widget\" data-widget_type=\"google_maps.default\">\n\t\t\t\t\t\t\t<div class=\"elementor-custom-embed\">\n\t\t\t<iframe\n\t\t\t\t\tdata-src=\"https:\/\/maps.google.com\/maps?q=H.Edip%20Ad%C4%B1var%20Mah.%20Dar%C3%BClaceze%20Cad.%20No%3A%203%2C%20Kat%3A%201%2034382%20%C5%9Ei%C5%9Fli%2C%20%C4%B0stanbul%2C%20T%C3%BCrkiye&#038;t=m&#038;z=14&#038;output=embed&#038;iwloc=near\"\n\t\t\t\t\ttitle=\"H.Edip Ad\u0131var Mah. Dar\u00fclaceze Cad. No: 3, Kat: 1 34382 \u015ei\u015fli, \u0130stanbul, T\u00fcrkiye\"\n\t\t\t\t\taria-label=\"H.Edip Ad\u0131var Mah. Dar\u00fclaceze Cad. No: 3, Kat: 1 34382 \u015ei\u015fli, \u0130stanbul, T\u00fcrkiye\"\n\t\t\t src=\"data:image\/svg+xml;base64,PHN2ZyB3aWR0aD0iMSIgaGVpZ2h0PSIxIiB4bWxucz0iaHR0cDovL3d3dy53My5vcmcvMjAwMC9zdmciPjwvc3ZnPg==\" class=\"lazyload\" data-load-mode=\"1\"><\/iframe>\n\t\t<\/div>\n\t\t\t\t\t\t<\/div>\n\t\t\t\t<\/div>\r\n\t\t\t\t<\/div>","protected":false},"excerpt":{"rendered":"<p>Op. Dr. Ahmet Hakan Kara Randevu Bizimle \u0130leti\u015fime Ge\u00e7in Hizmet Se\u00e7inizDiz Protezi CerrahisiKal\u00e7a Protezi CerrahisiEklem Bak\u0131m\u0131 ve TedavileriSpor Yaralanmalar\u0131 Randevu Talebi Olu\u015ftur Sorular\u0131n\u0131z i\u00e7in bize ula\u015f\u0131n +90 533 731 65 52 info@drahmethakankara.com H.Edip Ad\u0131var Mah. Dar\u00fclaceze Cad. No: 3, Kat: 1 34382 \u015ei\u015fli, \u0130stanbul, T\u00fcrkiye Randevu<\/p>","protected":false},"author":1,"featured_media":0,"parent":0,"menu_order":0,"comment_status":"closed","ping_status":"closed","template":"","meta":{"pagelayer_contact_templates":[],"_pagelayer_content":"","footnotes":""},"class_list":["post-1942","page","type-page","status-publish","hentry"],"_links":{"self":[{"href":"https:\/\/www.drahmethakankara.com\/en\/wp-json\/wp\/v2\/pages\/1942","targetHints":{"allow":["GET"]}}],"collection":[{"href":"https:\/\/www.drahmethakankara.com\/en\/wp-json\/wp\/v2\/pages"}],"about":[{"href":"https:\/\/www.drahmethakankara.com\/en\/wp-json\/wp\/v2\/types\/page"}],"author":[{"embeddable":true,"href":"https:\/\/www.drahmethakankara.com\/en\/wp-json\/wp\/v2\/users\/1"}],"replies":[{"embeddable":true,"href":"https:\/\/www.drahmethakankara.com\/en\/wp-json\/wp\/v2\/comments?post=1942"}],"version-history":[{"count":37,"href":"https:\/\/www.drahmethakankara.com\/en\/wp-json\/wp\/v2\/pages\/1942\/revisions"}],"predecessor-version":[{"id":6380,"href":"https:\/\/www.drahmethakankara.com\/en\/wp-json\/wp\/v2\/pages\/1942\/revisions\/6380"}],"wp:attachment":[{"href":"https:\/\/www.drahmethakankara.com\/en\/wp-json\/wp\/v2\/media?parent=1942"}],"curies":[{"name":"wp","href":"https:\/\/api.w.org\/{rel}","templated":true}]}}